{"id":7,"date":"2013-06-26T03:32:30","date_gmt":"2013-06-26T07:32:30","guid":{"rendered":"http:\/\/www.frederiquemelon.lautre.net\/?page_id=7"},"modified":"2024-03-19T17:27:52","modified_gmt":"2024-03-19T21:27:52","slug":"expositions","status":"publish","type":"page","link":"https:\/\/www.frederiquemelon.lautre.net\/?page_id=7","title":{"rendered":"Expositions"},"content":{"rendered":"<ol>\n<li><span style=\"color: #993300;\"><span style=\"color: #993300;\"><strong>2018\u00a0\u00a0<\/strong> <\/span><\/span>\n<ul>\n<li>Mai. Exposition collective avec la plasticienne Julie Bessard \u00e0 l&rsquo;Agora de l&rsquo;Atrium<\/li>\n<\/ul>\n<\/li>\n<\/ol>\n<ul>\n<li><span style=\"color: #800000;\"><strong>2013<\/strong><\/span>\n<ul>\n<li>Septembre. \u00a0Exposition personnelle \u00e0 l&rsquo;Habitation Cl\u00e9ment dans le cadre des Journ\u00e9es du Patrimoine. Martinique<a href=\"http:\/\/www.frederiquemelonbijoux.fr\/wp-content\/uploads\/2013\/08\/infos-expo-2013-vista.jpg\"><img loading=\"lazy\" decoding=\"async\" class=\"alignnone size-thumbnail wp-image-246\" src=\"http:\/\/www.frederiquemelonbijoux.fr\/wp-content\/uploads\/2013\/08\/infos-expo-2013-vista-150x150.jpg\" alt=\"infos expo 2013 vista\" width=\"150\" height=\"150\" \/><\/a><\/li>\n<\/ul>\n<\/li>\n<\/ul>\n<ul>\n<li><span style=\"color: #993300;\"><strong>2013<\/strong><\/span>\n<ul>\n<li>Juillet. \u00a0Exposition collective dans le cadre du Festival Culturel de Fort de France \u00a0\u00bb Le village\u00a0\u00bb. Martinique<\/li>\n<\/ul>\n<\/li>\n<\/ul>\n<ul>\n<li><span style=\"color: #800000;\"><strong>2013<\/strong><\/span>\n<ul>\n<li>Mai \u00a0Exposition collective dans le cadre des journ\u00e9es du Design organis\u00e9es par l&rsquo;association \u00a0Mawonaj. Martinique<\/li>\n<\/ul>\n<\/li>\n<\/ul>\n<ul>\n<li><span style=\"color: #800000;\"><strong>2012<\/strong><\/span>\n<ul>\n<li>Novembre \u00a0Exposition collective dans le cadre des journ\u00e9es du Design organis\u00e9es par l&rsquo;association \u00a0Mawonaj. Guadeloupe<\/li>\n<\/ul>\n<\/li>\n<\/ul>\n<ul>\n<li><span style=\"color: #800000;\"><strong>2012<\/strong><\/span>\n<ul>\n<li>Mars \u00a0Exposition collective \u00ab\u00a0Pool Art Fair\u00a0\u00bb New York<a href=\"http:\/\/www.frederiquemelonbijoux.fr\/wp-content\/uploads\/2013\/06\/carte-united-mini.jpg\"><img loading=\"lazy\" decoding=\"async\" class=\"alignnone size-full wp-image-225\" src=\"http:\/\/www.frederiquemelonbijoux.fr\/wp-content\/uploads\/2013\/06\/carte-united-mini.jpg\" alt=\"carte united mini\" width=\"150\" height=\"99\" \/><\/a><\/li>\n<li><\/li>\n<\/ul>\n<\/li>\n<\/ul>\n<ul>\n<li><span style=\"color: #800000;\"><strong>2008<\/strong> <\/span>\n<ul>\n<li>Mai Exposition collective et d\u00e9fil\u00e9 \u00ab\u00a0 Parure de Lune<\/li>\n<li><a href=\"http:\/\/www.frederiquemelonbijoux.fr\/wp-content\/uploads\/2013\/06\/petite-invit-2008.jpg\"><img loading=\"lazy\" decoding=\"async\" class=\"alignnone size-full wp-image-166\" src=\"http:\/\/www.frederiquemelonbijoux.fr\/wp-content\/uploads\/2013\/06\/petite-invit-2008.jpg\" alt=\"petite invit 2008\" width=\"102\" height=\"150\" \/><\/a><\/li>\n<\/ul>\n<\/li>\n<\/ul>\n<ul>\n<li><strong><span style=\"color: #800000;\">2007<\/span><\/strong>\n<ul>\n<li>Mai Mus\u00e9e d\u2019Arch\u00e9ologie de la Martinique \u00ab\u00a0 Pr\u00e9cieuses Empreintes \u00bb<\/li>\n<li><\/li>\n<\/ul>\n<\/li>\n<\/ul>\n<p><a href=\"http:\/\/www.frederiquemelonbijoux.fr\/wp-content\/uploads\/2013\/06\/petite-invit-2007.jpg\"><img loading=\"lazy\" decoding=\"async\" class=\"alignnone size-full wp-image-175\" src=\"http:\/\/www.frederiquemelonbijoux.fr\/wp-content\/uploads\/2013\/06\/petite-invit-2007.jpg\" alt=\"petite invit 2007\" width=\"150\" height=\"71\" \/><\/a><\/p>\n<ul>\n<li><strong><span style=\"color: #800000;\">2005<\/span> <\/strong>\n<ul>\n<li>Mai. Mus\u00e9e d\u2019 Arch\u00e9ologie de la Martinique.<\/li>\n<li><a href=\"http:\/\/www.frederiquemelonbijoux.fr\/wp-content\/uploads\/2013\/06\/petite-invit-2005-bis.jpg\"><img loading=\"lazy\" decoding=\"async\" class=\"alignnone size-full wp-image-176\" src=\"http:\/\/www.frederiquemelonbijoux.fr\/wp-content\/uploads\/2013\/06\/petite-invit-2005-bis.jpg\" alt=\"petite invit 2005 bis\" width=\"150\" height=\"83\" \/><\/a><\/li>\n<\/ul>\n<\/li>\n<\/ul>\n<ul>\n<li><span style=\"color: #800000;\"><strong>2004<\/strong> <\/span>\n<ul>\n<li>Mai. Villa Chanteclerc. Martinique.\u00a0 \u00ab R\u00e9miniscences \u00bb<\/li>\n<li><a href=\"http:\/\/www.frederiquemelonbijoux.fr\/wp-content\/uploads\/2013\/06\/petite-invit-2004.jpg\"><img loading=\"lazy\" decoding=\"async\" class=\"alignnone size-full wp-image-174\" src=\"http:\/\/www.frederiquemelonbijoux.fr\/wp-content\/uploads\/2013\/06\/petite-invit-2004.jpg\" alt=\"petite invit 2004\" width=\"150\" height=\"104\" \/><\/a><\/li>\n<\/ul>\n<ul>\n<li>Octobre. Pr\u00e9fecture de la Martinique. Exposition avec la DRAC<\/li>\n<li><a href=\"http:\/\/www.frederiquemelonbijoux.fr\/wp-content\/uploads\/2013\/06\/petite-invit-DRAC-2004.jpg\"><img loading=\"lazy\" decoding=\"async\" class=\"alignnone size-full wp-image-177\" src=\"http:\/\/www.frederiquemelonbijoux.fr\/wp-content\/uploads\/2013\/06\/petite-invit-DRAC-2004.jpg\" alt=\"petite invit DRAC 2004\" width=\"146\" height=\"150\" \/><\/a><\/li>\n<\/ul>\n<\/li>\n<\/ul>\n<ul>\n<li><strong><span style=\"color: #800000;\">2002<\/span> <\/strong>\n<ul>\n<li>Mai. Habitation Cl\u00e9ment Fran\u00e7ois. Martinique.<\/li>\n<li><a href=\"http:\/\/www.frederiquemelonbijoux.fr\/wp-content\/uploads\/2013\/06\/petite-invit-2002.jpg\"><img loading=\"lazy\" decoding=\"async\" class=\"alignnone size-full wp-image-173\" src=\"http:\/\/www.frederiquemelonbijoux.fr\/wp-content\/uploads\/2013\/06\/petite-invit-2002.jpg\" alt=\"petite invit 2002\" width=\"89\" height=\"150\" \/><\/a><\/li>\n<\/ul>\n<\/li>\n<\/ul>\n<ul>\n<li><span style=\"color: #800000;\"><strong>2001<\/strong> <\/span>\n<ul>\n<li>Mai. Agora du Conseil R\u00e9gional Fort de France \u00ab Echos \u00bb<\/li>\n<li><a href=\"http:\/\/www.frederiquemelonbijoux.fr\/wp-content\/uploads\/2013\/06\/petite-invit-2001.jpg\"><img loading=\"lazy\" decoding=\"async\" class=\"alignnone size-full wp-image-172\" src=\"http:\/\/www.frederiquemelonbijoux.fr\/wp-content\/uploads\/2013\/06\/petite-invit-2001.jpg\" alt=\"petite invit 2001\" width=\"123\" height=\"150\" \/><\/a><\/li>\n<li>Novembre. Exposition Galerie La reine Margot Paris.<\/li>\n<\/ul>\n<\/li>\n<\/ul>\n<ul>\n<li><span style=\"color: #800000;\"><strong>2000<\/strong> <\/span>\n<ul>\n<li>Avril. Exposition Studio de L\u2019image\u00a0 Paris 6\u00e8me .<\/li>\n<li><a href=\"http:\/\/www.frederiquemelonbijoux.fr\/wp-content\/uploads\/2013\/06\/petite-invit-2000.jpg\"><img loading=\"lazy\" decoding=\"async\" class=\"alignnone size-full wp-image-171\" src=\"http:\/\/www.frederiquemelonbijoux.fr\/wp-content\/uploads\/2013\/06\/petite-invit-2000.jpg\" alt=\"petite invit 2000\" width=\"109\" height=\"150\" \/><\/a><\/li>\n<li>Mai. Exposition Squash h\u00f4tel Fort de France.<\/li>\n<li>Mai . Exposition Galerie La reine Margot Quai de Conti Paris 6\u00e8me.<\/li>\n<li>Septembre. Exposition Galerie La reine Margot Paris<\/li>\n<li>Novembre. Exposition Galerie La reine Margot Paris.<\/li>\n<\/ul>\n<\/li>\n<\/ul>\n<ul>\n<li><span style=\"color: #800000;\"><strong>1999<\/strong> <\/span>\n<ul>\n<li>Mai. Exposition Conseil G\u00e9n\u00e9ral Fort de France.<\/li>\n<li><a href=\"http:\/\/www.frederiquemelonbijoux.fr\/wp-content\/uploads\/2013\/06\/petite-invit-1999.jpg\"><img loading=\"lazy\" decoding=\"async\" class=\"alignnone size-full wp-image-170\" src=\"http:\/\/www.frederiquemelonbijoux.fr\/wp-content\/uploads\/2013\/06\/petite-invit-1999.jpg\" alt=\"petite invit 1999\" width=\"72\" height=\"150\" \/><\/a><\/li>\n<\/ul>\n<\/li>\n<\/ul>\n<ul>\n<li><strong><span style=\"color: #800000;\">1998<\/span> <\/strong>\n<ul>\n<li>Mai .<\/li>\n<li>D\u00e9cembre . Expositions \u00ab confidentielles \u00ab .<\/li>\n<\/ul>\n<\/li>\n<\/ul>\n<ul>\n<li><span style=\"color: #800000;\"><strong>1997<\/strong> <\/span>\n<ul>\n<li>Mai. Exposition Conseil G\u00e9n\u00e9ral Fort de France.<\/li>\n<li><a href=\"http:\/\/www.frederiquemelonbijoux.fr\/wp-content\/uploads\/2013\/06\/petite-invit-1997.jpg\"><img loading=\"lazy\" decoding=\"async\" class=\"alignnone size-full wp-image-169\" src=\"http:\/\/www.frederiquemelonbijoux.fr\/wp-content\/uploads\/2013\/06\/petite-invit-1997.jpg\" alt=\"petite invit 1997\" width=\"67\" height=\"150\" \/><\/a><\/li>\n<\/ul>\n<\/li>\n<\/ul>\n<ul>\n<li><span style=\"color: #800000;\"><strong>1996<\/strong> <\/span>\n<ul>\n<li>Mai. Exposition Centre des Arts Pointe \u00e0 Pitre.<\/li>\n<li><a href=\"http:\/\/www.frederiquemelonbijoux.fr\/wp-content\/uploads\/2013\/06\/petite-invit-1996.jpg\"><img loading=\"lazy\" decoding=\"async\" class=\"alignnone size-full wp-image-168\" src=\"http:\/\/www.frederiquemelonbijoux.fr\/wp-content\/uploads\/2013\/06\/petite-invit-1996.jpg\" alt=\"petite invit 1996\" width=\"70\" height=\"150\" \/><\/a><\/li>\n<\/ul>\n<\/li>\n<\/ul>\n<ul>\n<li><span style=\"color: #800000;\"><strong>1995<\/strong> <\/span>\n<ul>\n<li>Mai. Exposition \u00e0 l\u2019h\u00f4tel Valmeni\u00e8re Fort de France.<\/li>\n<li><a href=\"http:\/\/www.frederiquemelonbijoux.fr\/wp-content\/uploads\/2013\/06\/petite-invit-1995-.jpg\"><img loading=\"lazy\" decoding=\"async\" class=\"alignnone size-full wp-image-167\" src=\"http:\/\/www.frederiquemelonbijoux.fr\/wp-content\/uploads\/2013\/06\/petite-invit-1995-.jpg\" alt=\"petite invit 1995\" width=\"78\" height=\"150\" \/><\/a><\/li>\n<li>D\u00e9cembre . Exposition \u00e0 l\u2019office du tourisme de Fort de France<\/li>\n<\/ul>\n<\/li>\n<\/ul>\n<ul>\n<li><strong><span style=\"color: #800000;\">1988<\/span> <\/strong>\n<ul>\n<li>D\u00e9cembre. Exposition \u00e0 l\u2019\u00e9cole de musique Studi 14 \u00e0 Didier<\/li>\n<\/ul>\n<\/li>\n<\/ul>\n","protected":false},"excerpt":{"rendered":"<p>2018\u00a0\u00a0 Mai. Exposition collective avec la plasticienne Julie Bessard \u00e0 l&rsquo;Agora de l&rsquo;Atrium 2013 Septembre. \u00a0Exposition personnelle \u00e0 l&rsquo;Habitation Cl\u00e9ment dans le cadre des Journ\u00e9es du Patrimoine. Martinique 2013 Juillet. \u00a0Exposition collective dans le cadre du Festival Culturel de Fort de France \u00a0\u00bb Le village\u00a0\u00bb. Martinique 2013 Mai \u00a0Exposition collective dans le cadre des journ\u00e9es [&hellip;]<\/p>\n","protected":false},"author":1,"featured_media":0,"parent":0,"menu_order":0,"comment_status":"closed","ping_status":"closed","template":"","meta":{"footnotes":""},"_links":{"self":[{"href":"https:\/\/www.frederiquemelon.lautre.net\/index.php?rest_route=\/wp\/v2\/pages\/7"}],"collection":[{"href":"https:\/\/www.frederiquemelon.lautre.net\/index.php?rest_route=\/wp\/v2\/pages"}],"about":[{"href":"https:\/\/www.frederiquemelon.lautre.net\/index.php?rest_route=\/wp\/v2\/types\/page"}],"author":[{"embeddable":true,"href":"https:\/\/www.frederiquemelon.lautre.net\/index.php?rest_route=\/wp\/v2\/users\/1"}],"replies":[{"embeddable":true,"href":"https:\/\/www.frederiquemelon.lautre.net\/index.php?rest_route=%2Fwp%2Fv2%2Fcomments&post=7"}],"version-history":[{"count":17,"href":"https:\/\/www.frederiquemelon.lautre.net\/index.php?rest_route=\/wp\/v2\/pages\/7\/revisions"}],"predecessor-version":[{"id":330,"href":"https:\/\/www.frederiquemelon.lautre.net\/index.php?rest_route=\/wp\/v2\/pages\/7\/revisions\/330"}],"wp:attachment":[{"href":"https:\/\/www.frederiquemelon.lautre.net\/index.php?rest_route=%2Fwp%2Fv2%2Fmedia&parent=7"}],"curies":[{"name":"wp","href":"https:\/\/api.w.org\/{rel}","templated":true}]}}