{"id":20,"date":"2013-06-26T16:23:08","date_gmt":"2013-06-26T20:23:08","guid":{"rendered":"http:\/\/www.frederiquemelon.lautre.net\/?page_id=20"},"modified":"2013-09-12T12:12:40","modified_gmt":"2013-09-12T16:12:40","slug":"revue-de-presse","status":"publish","type":"page","link":"https:\/\/www.frederiquemelon.lautre.net\/?page_id=20","title":{"rendered":"M\u00e9dias"},"content":{"rendered":"<p align=\"center\"><b>PRECIEUSES EMPREINTES:\u00a0l\u2019\u00e9criture \u00e0 travers bijoux et objets d&rsquo;art<\/b><\/p>\n<p align=\"center\"><b>\u00a0<\/b>\u00a0 \u00a0 \u00a0 \u00a0 Passionn\u00e9e dans l\u2019enfance par l\u2019\u00e9criture hi\u00e9roglyphique des st\u00e8les et des fresques murales \u00e9gyptiennes, Fr\u00e9d\u00e9rique Melon pressent que \u00ab toute mati\u00e8re se pr\u00eate \u00e0 devenir support d\u2019\u00e9criture. \u00bb Dans ses jeux d\u2019alors, elle grave des mots dans la roche, sculpte des fragments d\u2019os, brode, \u00e9crit sur des \u00e9toffes pr\u00e9cieuses, fa\u00e7onne des bracelets d\u00e9licats et harmonieux avec du fil d\u2019argent, organise des feuilles, des graines, des \u00e9corces, en langage ; spontan\u00e9ment elle explorera les possibles de la mati\u00e8re pas seulement soumise \u00e0 l\u2019\u00e9criture mais fondant l\u2019\u00e9criture, devenant cette \u00e9criture m\u00eame : l\u2019exp\u00e9rience plastique et artistique comme possibilit\u00e9 d\u2019\u00e9laborer puis de d\u00e9rouler son langage propre au gr\u00e9 de l\u2019exp\u00e9rience et de la pens\u00e9e, d\u2019inventer ses signes et ses alphabets idiosyncrasiques, mais que les \u00e9motions accueillies, recueillies, mat\u00e9rialis\u00e9es soient accessibles \u00e0 l\u2019Autre, lisibles dans la justesse d\u2019une forme, dans la puret\u00e9 d\u2019un ovale, dans la l\u00e9g\u00e8ret\u00e9 d\u2019une dentelle d\u2019argent, dans la densit\u00e9 d\u2019un bracelet . Ainsi Dominique Haggiag, po\u00e8te et philosophe, pr\u00e9sentant une exposition parisienne de l&rsquo;artiste, disait-elle de\u00a0 Fr\u00e9d\u00e9rique et \u00ab sa rencontre avec cette mati\u00e8re d\u2019argent devenue la pr\u00e9cieuse mati\u00e8re m\u00eame de soi \u00bb :<\/p>\n<p style=\"text-align: justify;\">\u00a0<i>\u00a0\u00a0 Ce n\u2019est pas la forme qui vient \u00e0 l\u2019argent, c\u2019est l\u2019argent qui vient \u00e0 ses formes.<br \/>\nComme inspir\u00e9, d\u00e8s l\u2019origine, par l\u2019id\u00e9e pleine qu\u2019elle y plante, qu\u2019elle y roule, qu\u2019elle y creuse, cisaille, tord, mart\u00e8le, disjoint.<br \/>\n<\/i><br \/>\nDans les cr\u00e9ations de Fr\u00e9d\u00e9rique sont inscrits\u00a0 la joie, l\u2019attente, le silence, la contemplation, le partage, l\u2019amour, la m\u00e9lancolie, la passion, le doute, la pl\u00e9nitude : tous ces sentiments et ces \u00e9tats qui font son rapport po\u00e9tique au monde.\u00a0 Quand la ou les \u00e9motions de l\u2019artiste entrent en r\u00e9sonnance avec les n\u00f4tres, que tout \u00e0 coup un bijou, un objet s\u2019impose \u00e0 nous comme une \u00e9vidence, c\u2019est que gr\u00e2ce \u00e0 l\u2019\u0153uvre d\u2019art nous renouons avec une part de l\u2019enfance et son \u00e9merveillement, une part pr\u00e9serv\u00e9e en nous, sensible et pure. Les cr\u00e9ations de Fr\u00e9d\u00e9rique sont une m\u00e9ta-\u00e9criture o\u00f9 l\u2019\u00e9motion s\u2019adresse \u00e0 l\u2019\u00e9motion.<br \/>\nActes d\u2019\u00e9criture de soi, calligraphie de l\u2019\u00e2me, ces pi\u00e8ces originales, uniques, dont la beaut\u00e9, la simplicit\u00e9 nous frappent au c\u0153ur sont r\u00e9alis\u00e9es \u00e0 la main par l\u2019artiste, et sign\u00e9es de son poin\u00e7on de ma\u00eetre. Les \u0153uvres pr\u00e9sent\u00e9es sont l\u2019heureuse transcription du monde s\u2019ouvrant \u00e0 Fr\u00e9d\u00e9rique et de Fr\u00e9d\u00e9rique s\u2019ouvrant au monde. L\u2019\u00e9lan po\u00e9tique prend ici la dimension spirituelle d\u2019une c\u00e9l\u00e9bration de la vie, d\u2019un mouvement d\u2019amour vers cette Terre qui offre \u00e0 notre regard tant de formes, tant de lumi\u00e8res, tant de couleurs, il est hommage\u00a0 vibrant\u00a0 au cosmos tout entier\u2026<\/p>\n<p style=\"text-align: justify;\">Val\u00e9rie NaulhePassionn\u00e9e dans l\u2019enfance par l\u2019\u00e9criture hi\u00e9roglyphique des st\u00e8les et des fresques murales \u00e9gyptiennes, Fr\u00e9d\u00e9rique Melon pressent que \u00ab toute mati\u00e8re se pr\u00eate \u00e0 devenir support d\u2019\u00e9criture. \u00bb Dans ses jeux d\u2019alors, elle grave des mots dans la roche, sculpte des fragments d\u2019os, brode, \u00e9crit sur des \u00e9toffes pr\u00e9cieuses, fa\u00e7onne des bracelets d\u00e9licats et harmonieux avec du fil d\u2019argent, organise des feuilles des graines des \u00e9corces en langage ; spontan\u00e9ment elle explorera les possibles de la mati\u00e8re pas seulement soumise \u00e0 l\u2019\u00e9criture mais fondant l\u2019\u00e9criture, devenant cette \u00e9criture m\u00eame : l\u2019exp\u00e9rience plastique et artistique comme possibilit\u00e9 d\u2019\u00e9laborer puis de d\u00e9rouler son langage propre au gr\u00e9 de l\u2019exp\u00e9rience et de la pens\u00e9e, d\u2019inventer ses signes et ses alphabets idiosyncrasiques, mais que les \u00e9motions accueillies, recueillies, mat\u00e9rialis\u00e9es soient accessibles \u00e0 l\u2019Autre, lisibles dans la justesse d\u2019une forme, dans la puret\u00e9 d\u2019un ovale, dans la l\u00e9g\u00e8ret\u00e9 d\u2019une dentelle d\u2019argent, dans la densit\u00e9 d\u2019un bracelet . Ainsi Dominique Haggiag, po\u00e8te et philosophe, pr\u00e9sentant une exposition parisienne de l&rsquo;artiste, disait-elle de\u00a0 Fr\u00e9d\u00e9rique et \u00ab sa rencontre avec cette mati\u00e8re d\u2019argent devenue la pr\u00e9cieuse mati\u00e8re m\u00eame de soi \u00bb :<\/p>\n<p style=\"text-align: justify;\">\u00a0<i>\u00a0\u00a0 Ce n\u2019est pas la forme qui vient \u00e0 l\u2019argent, c\u2019est l\u2019argent qui vient \u00e0 ses formes.<br \/>\nComme inspir\u00e9, d\u00e8s l\u2019origine, par l\u2019id\u00e9e pleine qu\u2019elle y plante, qu\u2019elle y roule, qu\u2019elle y creuse, cisaille, tord, mart\u00e8le, disjoint.<br \/>\n<\/i><br \/>\nDans les cr\u00e9ations de Fr\u00e9d\u00e9rique sont inscrits\u00a0 la joie, l\u2019attente, le silence, la contemplation, le partage, l\u2019amour, la m\u00e9lancolie, la passion, le doute, la pl\u00e9nitude : tous ces sentiments et ces \u00e9tats qui font son rapport po\u00e9tique au monde.\u00a0 Quand la ou les \u00e9motions de l\u2019artiste entrent en r\u00e9sonnance avec les n\u00f4tres, que tout \u00e0 coup un bijou, un objet s\u2019impose \u00e0 nous comme une \u00e9vidence, c\u2019est que gr\u00e2ce \u00e0 l\u2019\u0153uvre d\u2019art nous renouons avec une part de l\u2019enfance et son \u00e9merveillement, une part pr\u00e9serv\u00e9e en nous, sensible et pure. Les cr\u00e9ations de Fr\u00e9d\u00e9rique sont une m\u00e9ta-\u00e9criture o\u00f9 l\u2019\u00e9motion s\u2019adresse \u00e0 l\u2019\u00e9motion.<br \/>\nActes d\u2019\u00e9criture de soi, calligraphie de l\u2019\u00e2me, ces pi\u00e8ces originales, uniques, dont la beaut\u00e9, la simplicit\u00e9 nous frappent au c\u0153ur sont r\u00e9alis\u00e9es \u00e0 la main par l\u2019artiste, et sign\u00e9es de son poin\u00e7on de ma\u00eetre. Les \u0153uvres pr\u00e9sent\u00e9es sont l\u2019heureuse transcription du monde s\u2019ouvrant \u00e0 Fr\u00e9d\u00e9rique et de Fr\u00e9d\u00e9rique s\u2019ouvrant au monde. L\u2019\u00e9lan po\u00e9tique prend ici la dimension spirituelle d\u2019une c\u00e9l\u00e9bration de la vie, d\u2019un mouvement d\u2019amour vers cette Terre qui offre \u00e0 notre regard tant de formes, tant de lumi\u00e8res, tant de couleurs, il est hommage\u00a0 vibrant\u00a0 au cosmos tout entier\u2026<\/p>\n<p style=\"text-align: justify;\"><strong>Val\u00e9rie Naulhem<\/strong><\/p>\n<p style=\"text-align: justify;\">\n","protected":false},"excerpt":{"rendered":"<p>PRECIEUSES EMPREINTES:\u00a0l\u2019\u00e9criture \u00e0 travers bijoux et objets d&rsquo;art \u00a0\u00a0 \u00a0 \u00a0 \u00a0 Passionn\u00e9e dans l\u2019enfance par l\u2019\u00e9criture hi\u00e9roglyphique des st\u00e8les et des fresques murales \u00e9gyptiennes, Fr\u00e9d\u00e9rique Melon pressent que \u00ab toute mati\u00e8re se pr\u00eate \u00e0 devenir support d\u2019\u00e9criture. \u00bb Dans ses jeux d\u2019alors, elle grave des mots dans la roche, sculpte des fragments d\u2019os, brode, [&hellip;]<\/p>\n","protected":false},"author":1,"featured_media":0,"parent":0,"menu_order":0,"comment_status":"closed","ping_status":"closed","template":"","meta":{"footnotes":""},"_links":{"self":[{"href":"https:\/\/www.frederiquemelon.lautre.net\/index.php?rest_route=\/wp\/v2\/pages\/20"}],"collection":[{"href":"https:\/\/www.frederiquemelon.lautre.net\/index.php?rest_route=\/wp\/v2\/pages"}],"about":[{"href":"https:\/\/www.frederiquemelon.lautre.net\/index.php?rest_route=\/wp\/v2\/types\/page"}],"author":[{"embeddable":true,"href":"https:\/\/www.frederiquemelon.lautre.net\/index.php?rest_route=\/wp\/v2\/users\/1"}],"replies":[{"embeddable":true,"href":"https:\/\/www.frederiquemelon.lautre.net\/index.php?rest_route=%2Fwp%2Fv2%2Fcomments&post=20"}],"version-history":[{"count":5,"href":"https:\/\/www.frederiquemelon.lautre.net\/index.php?rest_route=\/wp\/v2\/pages\/20\/revisions"}],"predecessor-version":[{"id":253,"href":"https:\/\/www.frederiquemelon.lautre.net\/index.php?rest_route=\/wp\/v2\/pages\/20\/revisions\/253"}],"wp:attachment":[{"href":"https:\/\/www.frederiquemelon.lautre.net\/index.php?rest_route=%2Fwp%2Fv2%2Fmedia&parent=20"}],"curies":[{"name":"wp","href":"https:\/\/api.w.org\/{rel}","templated":true}]}}